{"id":909,"date":"2017-08-09T08:30:21","date_gmt":"2017-08-09T11:30:21","guid":{"rendered":"https:\/\/alexandresegregio.art.br\/?page_id=909"},"modified":"2024-11-05T09:09:21","modified_gmt":"2024-11-05T12:09:21","slug":"contact","status":"publish","type":"page","link":"https:\/\/alexandresegregio.art.br\/en\/contact\/","title":{"rendered":"contact"},"content":{"rendered":"<p>[et_pb_section fb_built=&#8221;1&#8243; inner_shadow=&#8221;off&#8221; prev_background_color=&#8221;#000000&#8243; _builder_version=&#8221;4.4.6&#8243; custom_padding=&#8221;||0px|||&#8221; top_divider_style=&#8221;none&#8221;][et_pb_row _builder_version=&#8221;4.9.9&#8243;][et_pb_column type=&#8221;4_4&#8243; _builder_version=&#8221;4.9.9&#8243; custom_padding=&#8221;|||&#8221; custom_padding__hover=&#8221;|||&#8221;][et_pb_blurb title=&#8221;contact&#8221; content_max_width=&#8221;893px&#8221; content_tablet=&#8221;<\/p>\n<p>&nbsp;<\/p>\n<p class=%22tw-data-text tw-text-large tw-ta%22 data-placeholder=%22Tradu\u00e7\u00e3o%22 id=%22tw-target-text%22 data-ved=%222ahUKEwjr25HukcWJAxUJBfsDHazqFawQ3ewLegQICRAU%22 dir=%22ltr%22 aria-label=%22Texto traduzido: Get in Touch! Are you interested in an original work by Alexandre Segr\u00e9gio or in products derived from his art? Visit our online store to find out. For personalized service or additional information, click on the WhatsApp icon and speak directly to us. We are ready to serve. Originals, Fine Art (giclee) limited editions, cards, posters.%22><strong><span class=%22Y2IQFc%22 lang=%22en%22>Get in Touch! <\/span><\/strong><\/p>\n<p class=%22tw-data-text tw-text-large tw-ta%22 data-placeholder=%22Tradu\u00e7\u00e3o%22 data-ved=%222ahUKEwjr25HukcWJAxUJBfsDHazqFawQ3ewLegQICRAU%22 dir=%22ltr%22 aria-label=%22Texto traduzido: Get in Touch! Are you interested in an original work by Alexandre Segr\u00e9gio or in products derived from his art? Visit our online store to find out. For personalized service or additional information, click on the WhatsApp icon and speak directly to us. We are ready to serve. Originals, Fine Art (giclee) limited editions, cards, posters.%22><span class=%22Y2IQFc%22 lang=%22en%22>Are you interested in an original work by Alexandre Segr\u00e9gio or in products derived from his art? Visit our online store to find out. <\/span><\/p>\n<p class=%22tw-data-text tw-text-large tw-ta%22 data-placeholder=%22Tradu\u00e7\u00e3o%22 data-ved=%222ahUKEwjr25HukcWJAxUJBfsDHazqFawQ3ewLegQICRAU%22 dir=%22ltr%22 aria-label=%22Texto traduzido: Get in Touch! Are you interested in an original work by Alexandre Segr\u00e9gio or in products derived from his art? Visit our online store to find out. For personalized service or additional information, click on the WhatsApp icon and speak directly to us. We are ready to serve. Originals, Fine Art (giclee) limited editions, cards, posters.%22><span class=%22Y2IQFc%22 lang=%22en%22>For personalized service or additional information, click on the WhatsApp icon and speak directly to us. We are ready to serve. <\/span><\/p>\n<p class=%22tw-data-text tw-text-large tw-ta%22 data-placeholder=%22Tradu\u00e7\u00e3o%22 data-ved=%222ahUKEwjr25HukcWJAxUJBfsDHazqFawQ3ewLegQICRAU%22 dir=%22ltr%22 aria-label=%22Texto traduzido: Get in Touch! Are you interested in an original work by Alexandre Segr\u00e9gio or in products derived from his art? Visit our online store to find out. For personalized service or additional information, click on the WhatsApp icon and speak directly to us. We are ready to serve. Originals, Fine Art (giclee) limited editions, cards, posters.%22>\n<p class=%22tw-data-text tw-text-large tw-ta%22 data-placeholder=%22Tradu\u00e7\u00e3o%22 data-ved=%222ahUKEwjr25HukcWJAxUJBfsDHazqFawQ3ewLegQICRAU%22 dir=%22ltr%22 aria-label=%22Texto traduzido: Get in Touch! Are you interested in an original work by Alexandre Segr\u00e9gio or in products derived from his art? Visit our online store to find out. For personalized service or additional information, click on the WhatsApp icon and speak directly to us. We are ready to serve. Originals, Fine Art (giclee) limited editions, cards, posters.%22><a href=%22https:\/\/crescente.art.br%22 data-et-target-link=%22_blank%22 rel=%22noopener%22><img src=%22https:\/\/alexandresegregio.art.br\/wp-content\/uploads\/LOGO-crescente-art-MATRIZ-C-R-10cm-300x70.png%22 width=%22261%22 height=%2261%22 alt=%22%22 class=%22wp-image-20304 alignnone size-medium%22 style=%22font-size: 16px;%22 \/><\/a><\/p>\n<p class=%22tw-data-text tw-text-large tw-ta%22 data-placeholder=%22Tradu\u00e7\u00e3o%22 data-ved=%222ahUKEwjr25HukcWJAxUJBfsDHazqFawQ3ewLegQICRAU%22 dir=%22ltr%22 aria-label=%22Texto traduzido: Get in Touch! Are you interested in an original work by Alexandre Segr\u00e9gio or in products derived from his art? Visit our online store to find out. For personalized service or additional information, click on the WhatsApp icon and speak directly to us. We are ready to serve. Originals, Fine Art (giclee) limited editions, cards, posters.%22><strong><span class=%22Y2IQFc%22 lang=%22en%22>Originals, Fine Art (giclee) limited editions, cards, posters.<\/span><\/strong><\/p>\n<p><a href=%22https:\/\/crescente.art.br%22 data-et-target-link=%22_blank%22 rel=%22noopener%22><\/a><\/p>\n<p>&#8221; content_phone=&#8221;<\/p>\n<p>&nbsp;<\/p>\n<p class=%22tw-data-text tw-text-large tw-ta%22 data-placeholder=%22Tradu\u00e7\u00e3o%22 id=%22tw-target-text%22 data-ved=%222ahUKEwjr25HukcWJAxUJBfsDHazqFawQ3ewLegQICRAU%22 dir=%22ltr%22 aria-label=%22Texto traduzido: Get in Touch! Are you interested in an original work by Alexandre Segr\u00e9gio or in products derived from his art? Visit our online store to find out. For personalized service or additional information, click on the WhatsApp icon and speak directly to us. We are ready to serve. Originals, Fine Art (giclee) limited editions, cards, posters.%22><strong><span class=%22Y2IQFc%22 lang=%22en%22>Get in Touch! <\/span><\/strong><\/p>\n<p class=%22tw-data-text tw-text-large tw-ta%22 data-placeholder=%22Tradu\u00e7\u00e3o%22 data-ved=%222ahUKEwjr25HukcWJAxUJBfsDHazqFawQ3ewLegQICRAU%22 dir=%22ltr%22 aria-label=%22Texto traduzido: Get in Touch! Are you interested in an original work by Alexandre Segr\u00e9gio or in products derived from his art? Visit our online store to find out. For personalized service or additional information, click on the WhatsApp icon and speak directly to us. We are ready to serve. Originals, Fine Art (giclee) limited editions, cards, posters.%22><span class=%22Y2IQFc%22 lang=%22en%22>Are you interested in an original work by Alexandre Segr\u00e9gio or in products derived from his art? Visit our online store to find out. <\/span><\/p>\n<p class=%22tw-data-text tw-text-large tw-ta%22 data-placeholder=%22Tradu\u00e7\u00e3o%22 data-ved=%222ahUKEwjr25HukcWJAxUJBfsDHazqFawQ3ewLegQICRAU%22 dir=%22ltr%22 aria-label=%22Texto traduzido: Get in Touch! Are you interested in an original work by Alexandre Segr\u00e9gio or in products derived from his art? Visit our online store to find out. For personalized service or additional information, click on the WhatsApp icon and speak directly to us. We are ready to serve. Originals, Fine Art (giclee) limited editions, cards, posters.%22><span class=%22Y2IQFc%22 lang=%22en%22>For personalized service or additional information, click on the WhatsApp icon and speak directly to us. We are ready to serve. <\/span><\/p>\n<p class=%22tw-data-text tw-text-large tw-ta%22 data-placeholder=%22Tradu\u00e7\u00e3o%22 data-ved=%222ahUKEwjr25HukcWJAxUJBfsDHazqFawQ3ewLegQICRAU%22 dir=%22ltr%22 aria-label=%22Texto traduzido: Get in Touch! Are you interested in an original work by Alexandre Segr\u00e9gio or in products derived from his art? Visit our online store to find out. For personalized service or additional information, click on the WhatsApp icon and speak directly to us. We are ready to serve. Originals, Fine Art (giclee) limited editions, cards, posters.%22>\n<p class=%22tw-data-text tw-text-large tw-ta%22 data-placeholder=%22Tradu\u00e7\u00e3o%22 data-ved=%222ahUKEwjr25HukcWJAxUJBfsDHazqFawQ3ewLegQICRAU%22 dir=%22ltr%22 aria-label=%22Texto traduzido: Get in Touch! Are you interested in an original work by Alexandre Segr\u00e9gio or in products derived from his art? Visit our online store to find out. For personalized service or additional information, click on the WhatsApp icon and speak directly to us. We are ready to serve. Originals, Fine Art (giclee) limited editions, cards, posters.%22><a href=%22https:\/\/crescente.art.br%22 data-et-target-link=%22_blank%22 rel=%22noopener%22><img src=%22https:\/\/alexandresegregio.art.br\/wp-content\/uploads\/LOGO-crescente-art-MATRIZ-C-R-10cm-300x70.png%22 width=%22261%22 height=%2261%22 alt=%22%22 class=%22wp-image-20304 alignnone size-medium%22 style=%22font-size: 16px;%22 \/><\/a><\/p>\n<p class=%22tw-data-text tw-text-large tw-ta%22 data-placeholder=%22Tradu\u00e7\u00e3o%22 data-ved=%222ahUKEwjr25HukcWJAxUJBfsDHazqFawQ3ewLegQICRAU%22 dir=%22ltr%22 aria-label=%22Texto traduzido: Get in Touch! Are you interested in an original work by Alexandre Segr\u00e9gio or in products derived from his art? Visit our online store to find out. For personalized service or additional information, click on the WhatsApp icon and speak directly to us. We are ready to serve. Originals, Fine Art (giclee) limited editions, cards, posters.%22><strong><span class=%22Y2IQFc%22 lang=%22en%22>Originals, Fine Art (giclee) limited editions, cards, posters.<\/span><\/strong><\/p>\n<p><a href=%22https:\/\/crescente.art.br%22 data-et-target-link=%22_blank%22 rel=%22noopener%22><\/a><\/p>\n<p>&#8221; content_last_edited=&#8221;on|phone&#8221; _builder_version=&#8221;4.9.9&#8243; _module_preset=&#8221;default&#8221; header_font_size=&#8221;34px&#8221; min_height=&#8221;532.4px&#8221; custom_margin=&#8221;1px||||false|false&#8221; custom_padding=&#8221;1px||||false|false&#8221; hover_enabled=&#8221;0&#8243; sticky_enabled=&#8221;0&#8243;]<\/p>\n<p>&nbsp;<\/p>\n<p class=\"tw-data-text tw-text-large tw-ta\" data-placeholder=\"Tradu\u00e7\u00e3o\" id=\"tw-target-text\" data-ved=\"2ahUKEwjr25HukcWJAxUJBfsDHazqFawQ3ewLegQICRAU\" dir=\"ltr\" aria-label=\"Texto traduzido: Get in Touch! Are you interested in an original work by Alexandre Segr\u00e9gio or in products derived from his art? Visit our online store to find out. For personalized service or additional information, click on the WhatsApp icon and speak directly to us. We are ready to serve. Originals, Fine Art (giclee) limited editions, cards, posters.\"><strong><span class=\"Y2IQFc\" lang=\"en\">Get in Touch! <\/span><\/strong><\/p>\n<p class=\"tw-data-text tw-text-large tw-ta\" data-placeholder=\"Tradu\u00e7\u00e3o\" data-ved=\"2ahUKEwjr25HukcWJAxUJBfsDHazqFawQ3ewLegQICRAU\" dir=\"ltr\" aria-label=\"Texto traduzido: Get in Touch! Are you interested in an original work by Alexandre Segr\u00e9gio or in products derived from his art? Visit our online store to find out. For personalized service or additional information, click on the WhatsApp icon and speak directly to us. We are ready to serve. Originals, Fine Art (giclee) limited editions, cards, posters.\"><span class=\"Y2IQFc\" lang=\"en\">Are you interested in an original work by Alexandre Segr\u00e9gio or in products derived from his art? Visit our online store to find out. <\/span><\/p>\n<p class=\"tw-data-text tw-text-large tw-ta\" data-placeholder=\"Tradu\u00e7\u00e3o\" data-ved=\"2ahUKEwjr25HukcWJAxUJBfsDHazqFawQ3ewLegQICRAU\" dir=\"ltr\" aria-label=\"Texto traduzido: Get in Touch! Are you interested in an original work by Alexandre Segr\u00e9gio or in products derived from his art? Visit our online store to find out. For personalized service or additional information, click on the WhatsApp icon and speak directly to us. We are ready to serve. Originals, Fine Art (giclee) limited editions, cards, posters.\"><span class=\"Y2IQFc\" lang=\"en\">For personalized service or additional information, click on the WhatsApp icon and speak directly to us. We are ready to serve. <\/span><\/p>\n<p class=\"tw-data-text tw-text-large tw-ta\" data-placeholder=\"Tradu\u00e7\u00e3o\" data-ved=\"2ahUKEwjr25HukcWJAxUJBfsDHazqFawQ3ewLegQICRAU\" dir=\"ltr\" aria-label=\"Texto traduzido: Get in Touch! Are you interested in an original work by Alexandre Segr\u00e9gio or in products derived from his art? Visit our online store to find out. For personalized service or additional information, click on the WhatsApp icon and speak directly to us. We are ready to serve. Originals, Fine Art (giclee) limited editions, cards, posters.\">\n<p class=\"tw-data-text tw-text-large tw-ta\" data-placeholder=\"Tradu\u00e7\u00e3o\" data-ved=\"2ahUKEwjr25HukcWJAxUJBfsDHazqFawQ3ewLegQICRAU\" dir=\"ltr\" aria-label=\"Texto traduzido: Get in Touch! Are you interested in an original work by Alexandre Segr\u00e9gio or in products derived from his art? Visit our online store to find out. For personalized service or additional information, click on the WhatsApp icon and speak directly to us. We are ready to serve. Originals, Fine Art (giclee) limited editions, cards, posters.\"><a href=\"https:\/\/crescente.art.br\" target=\"_blank\" rel=\"noopener\"><img decoding=\"async\" data-src=\"https:\/\/alexandresegregio.art.br\/wp-content\/uploads\/LOGO-crescente-art-MATRIZ-C-R-10cm-300x70.png\" width=\"261\" height=\"61\" alt=\"\" class=\"wp-image-20304 alignnone size-medium lazyload\" style=\"--smush-placeholder-width: 261px; --smush-placeholder-aspect-ratio: 261\/61;font-size: 16px;\" src=\"data:image\/svg+xml;base64,PHN2ZyB3aWR0aD0iMSIgaGVpZ2h0PSIxIiB4bWxucz0iaHR0cDovL3d3dy53My5vcmcvMjAwMC9zdmciPjwvc3ZnPg==\" \/><\/a><\/p>\n<p class=\"tw-data-text tw-text-large tw-ta\" data-placeholder=\"Tradu\u00e7\u00e3o\" data-ved=\"2ahUKEwjr25HukcWJAxUJBfsDHazqFawQ3ewLegQICRAU\" dir=\"ltr\" aria-label=\"Texto traduzido: Get in Touch! Are you interested in an original work by Alexandre Segr\u00e9gio or in products derived from his art? Visit our online store to find out. For personalized service or additional information, click on the WhatsApp icon and speak directly to us. We are ready to serve. Originals, Fine Art (giclee) limited editions, cards, posters.\"><strong><span class=\"Y2IQFc\" lang=\"en\">Originals, Fine Art (giclee) limited editions, cards, posters.<\/span><\/strong><\/p>\n<p>[\/et_pb_blurb][et_pb_blurb title=&#8221;contact&#8221; content_max_width=&#8221;893px&#8221; content_tablet=&#8221;<\/p>\n<p>\u00a0<\/p>\n<p>Ateli\u00ea \/ gallery Alexandre Luiz Segr\u00e9gio located in the neighborhood Aclima\u00e7\u00e3o S\u00e3o Paulo &#8211; Brazil. -Schedule your visit!<\/p>\n<p><a href=%22https:\/\/alexandresegregio.art.br\/atelie-en\/%22><img src=%22https:\/\/alexandresegregio.art.br\/wp-content\/uploads\/ATELI\u00ca-GALERIA-011-1-300x200.jpg%22 width=%22300%22 height=%22200%22 alt=%22%22 class=%22wp-image-6475 alignnone size-medium%22 \/><\/a><\/p>\n<p><a href=%22https:\/\/alexandresegregio.art.br\/atelie-en\/%22>Photos of the Ateli\u00ea \/ Gallery<\/a><\/p>\n<p><strong>Originals for sale, Fine Art (giclee) limited editions, cards, posters and animated art for download.<\/strong><\/p>\n<h2><a href=%22https:\/\/crescente.art.br%22 data-et-target-link=%22_blank%22 rel=%22noopener%22>Loja:<img src=%22https:\/\/alexandresegregio.art.br\/wp-content\/uploads\/LOGO-crescente-art-MATRIZ-C-R-10cm-300x70.png%22 width=%22261%22 height=%2261%22 alt=%22%22 class=%22wp-image-20304 alignnone size-medium%22 style=%22font-size: 16px;%22 \/><\/a><\/h2>\n<p>&#8221; content_phone=&#8221;<\/p>\n<p>\u00a0<\/p>\n<p>Ateli\u00ea \/ gallery Alexandre Luiz Segr\u00e9gio located in the neighborhood Aclima\u00e7\u00e3o S\u00e3o Paulo &#8211; Brazil. -Schedule your visit!<\/p>\n<p><a href=%22https:\/\/alexandresegregio.art.br\/atelie-en\/%22><img src=%22https:\/\/alexandresegregio.art.br\/wp-content\/uploads\/ATELI\u00ca-GALERIA-011-1-300x200.jpg%22 width=%22300%22 height=%22200%22 alt=%22%22 class=%22wp-image-6475 alignnone size-medium%22 \/><\/a><\/p>\n<p><a href=%22https:\/\/alexandresegregio.art.br\/atelie-en\/%22>Photos of the Ateli\u00ea \/ Gallery<\/a><\/p>\n<p><strong>Originals for sale, Fine Art (giclee) limited editions, cards, posters and animated art for download.<\/strong><\/p>\n<h2><a href=%22https:\/\/crescente.art.br%22 data-et-target-link=%22_blank%22 rel=%22noopener%22>Loja:<img src=%22https:\/\/alexandresegregio.art.br\/wp-content\/uploads\/LOGO-crescente-art-MATRIZ-C-R-10cm-300x70.png%22 width=%22261%22 height=%2261%22 alt=%22%22 class=%22wp-image-20304 alignnone size-medium%22 style=%22font-size: 16px;%22 \/><\/a><\/h2>\n<p>&#8221; content_last_edited=&#8221;on|desktop&#8221; _builder_version=&#8221;4.9.9&#8243; _module_preset=&#8221;default&#8221; header_font_size=&#8221;34px&#8221; min_height=&#8221;532.4px&#8221; custom_margin=&#8221;1px||||false|false&#8221; custom_padding=&#8221;1px||||false|false&#8221; disabled_on=&#8221;on|on|on&#8221; disabled=&#8221;on&#8221;]<\/p>\n<p>&nbsp;<\/p>\n<p>Ateli\u00ea \/ gallery Alexandre Luiz Segr\u00e9gio located in the neighborhood Aclima\u00e7\u00e3o S\u00e3o Paulo &#8211; Brazil. -Schedule your visit!<\/p>\n<p><a href=\"https:\/\/alexandresegregio.art.br\/atelie-en\/\"><img decoding=\"async\" data-src=\"https:\/\/alexandresegregio.art.br\/wp-content\/uploads\/ATELI\u00ca-GALERIA-011-1-300x200.jpg\" width=\"300\" height=\"200\" alt=\"\" class=\"wp-image-6475 alignnone size-medium lazyload\" data-srcset=\"https:\/\/alexandresegregio.art.br\/wp-content\/uploads\/ATELI\u00ca-GALERIA-011-1-300x200.jpg 300w, https:\/\/alexandresegregio.art.br\/wp-content\/uploads\/ATELI\u00ca-GALERIA-011-1-600x400.jpg 600w, https:\/\/alexandresegregio.art.br\/wp-content\/uploads\/ATELI\u00ca-GALERIA-011-1-768x512.jpg 768w, https:\/\/alexandresegregio.art.br\/wp-content\/uploads\/ATELI\u00ca-GALERIA-011-1-610x406.jpg 610w, https:\/\/alexandresegregio.art.br\/wp-content\/uploads\/ATELI\u00ca-GALERIA-011-1-480x320.jpg 480w, https:\/\/alexandresegregio.art.br\/wp-content\/uploads\/ATELI\u00ca-GALERIA-011-1.jpg 851w\" data-sizes=\"(max-width: 300px) 100vw, 300px\" src=\"data:image\/svg+xml;base64,PHN2ZyB3aWR0aD0iMSIgaGVpZ2h0PSIxIiB4bWxucz0iaHR0cDovL3d3dy53My5vcmcvMjAwMC9zdmciPjwvc3ZnPg==\" style=\"--smush-placeholder-width: 300px; --smush-placeholder-aspect-ratio: 300\/200;\" \/><\/a><\/p>\n<p><a href=\"https:\/\/alexandresegregio.art.br\/atelie-en\/\">Photos of the Ateli\u00ea \/ Gallery<\/a><\/p>\n<p><strong>Originals for sale, Fine Art (giclee) limited editions, cards, posters and animated art for download.<\/strong><\/p>\n<h2><a href=\"https:\/\/crescente.art.br\" target=\"_blank\" rel=\"noopener\">Loja:<img decoding=\"async\" data-src=\"https:\/\/alexandresegregio.art.br\/wp-content\/uploads\/LOGO-crescente-art-MATRIZ-C-R-10cm-300x70.png\" width=\"261\" height=\"61\" alt=\"\" class=\"wp-image-20304 alignnone size-medium lazyload\" style=\"--smush-placeholder-width: 261px; --smush-placeholder-aspect-ratio: 261\/61;font-size: 16px;\" src=\"data:image\/svg+xml;base64,PHN2ZyB3aWR0aD0iMSIgaGVpZ2h0PSIxIiB4bWxucz0iaHR0cDovL3d3dy53My5vcmcvMjAwMC9zdmciPjwvc3ZnPg==\" \/><\/a><\/h2>\n<p>[\/et_pb_blurb][\/et_pb_column][\/et_pb_row][et_pb_row _builder_version=&#8221;4.5.7&#8243; max_width=&#8221;1080px&#8221; module_alignment=&#8221;center&#8221;][et_pb_column type=&#8221;4_4&#8243; _builder_version=&#8221;4.5.7&#8243; custom_padding=&#8221;|||&#8221; custom_padding__hover=&#8221;|||&#8221;][et_pb_text content_tablet=&#8221;<\/p>\n<p style=%22text-align: center;%22><a href=%22https:\/\/alexandresegregio.art.br\/en\/%22>home<\/a> | <a href=%22https:\/\/alexandresegregio.art.br\/en\/gallery\/%22>gallery <\/a><a href=%22https:\/\/alexandresegregio.art.br\/en\/contact\/%22>| <\/a><a href=%22https:\/\/alexandresegregio.art.br\/en\/artist\/%22>artist<\/a><a href=%22https:\/\/alexandresegregio.art.br\/en\/contact\/%22> | <\/a><a href=%22https:\/\/alexandresegregio.art.br\/blog\/%22>blog<\/a><\/p>\n<p>&#8221; content_phone=&#8221;<\/p>\n<p style=%22text-align: center;%22><a href=%22https:\/\/alexandresegregio.art.br\/en\/%22>home<\/a> | <a href=%22https:\/\/alexandresegregio.art.br\/en\/gallery\/%22>gallery <\/a><a href=%22https:\/\/alexandresegregio.art.br\/en\/contact\/%22>| <\/a><a href=%22https:\/\/alexandresegregio.art.br\/en\/artist\/%22>artist<\/a><a href=%22https:\/\/alexandresegregio.art.br\/en\/contact\/%22> | <\/a><a href=%22https:\/\/alexandresegregio.art.br\/blog\/%22>blog<\/a><\/p>\n<p>&#8221; content_last_edited=&#8221;on|desktop&#8221; _builder_version=&#8221;4.9.9&#8243; text_orientation=&#8221;center&#8221; width=&#8221;80%&#8221; max_width=&#8221;1080px&#8221; module_alignment=&#8221;center&#8221; custom_margin=&#8221;0px||||false|false&#8221; custom_margin_tablet=&#8221;&#8221; custom_margin_phone=&#8221;&#8221; custom_margin_last_edited=&#8221;on|desktop&#8221; custom_padding=&#8221;0px||||false|false&#8221; text_orientation_tablet=&#8221;&#8221; text_orientation_phone=&#8221;&#8221; text_orientation_last_edited=&#8221;on|desktop&#8221;][\/et_pb_text][\/et_pb_column][\/et_pb_row][\/et_pb_section]<\/p>\n","protected":false},"excerpt":{"rendered":"<p>[et_pb_section fb_built=&#8221;1&#8243; inner_shadow=&#8221;off&#8221; prev_background_color=&#8221;#000000&#8243; _builder_version=&#8221;4.4.6&#8243; custom_padding=&#8221;||0px|||&#8221; top_divider_style=&#8221;none&#8221;][et_pb_row _builder_version=&#8221;4.9.9&#8243;][et_pb_column type=&#8221;4_4&#8243; _builder_version=&#8221;4.9.9&#8243; custom_padding=&#8221;|||&#8221; custom_padding__hover=&#8221;|||&#8221;][et_pb_blurb title=&#8221;contact&#8221; content_max_width=&#8221;893px&#8221; content_tablet=&#8221; &nbsp; Get in Touch! Are you interested in an original work by Alexandre Segr\u00e9gio or in products derived from his art? Visit our online store to find out. For personalized service or additional information, click on the WhatsApp icon and [&hellip;]<\/p>\n","protected":false},"author":2,"featured_media":0,"parent":0,"menu_order":0,"comment_status":"closed","ping_status":"closed","template":"","meta":{"_et_pb_use_builder":"on","_et_pb_old_content":"","_et_gb_content_width":"","_locale":"en_US","_original_post":"181","footnotes":""},"class_list":["post-909","page","type-page","status-publish","hentry","en-US"],"yoast_head":"<!-- This site is optimized with the Yoast SEO Premium plugin v14.9 - https:\/\/yoast.com\/wordpress\/plugins\/seo\/ -->\n<title>contact - Alexandre Segr\u00e9gio<\/title>\n<meta name=\"robots\" content=\"index, follow, max-snippet:-1, max-image-preview:large, max-video-preview:-1\" \/>\n<link rel=\"canonical\" href=\"https:\/\/alexandresegregio.art.br\/en\/contact\/\" \/>\n<meta property=\"og:locale\" content=\"en_US\" \/>\n<meta property=\"og:type\" content=\"article\" \/>\n<meta property=\"og:title\" content=\"contact - Alexandre Segr\u00e9gio\" \/>\n<meta property=\"og:description\" content=\"[et_pb_section fb_built=&#8221;1&#8243; inner_shadow=&#8221;off&#8221; prev_background_color=&#8221;#000000&#8243; _builder_version=&#8221;4.4.6&#8243; custom_padding=&#8221;||0px|||&#8221; top_divider_style=&#8221;none&#8221;][et_pb_row _builder_version=&#8221;4.9.9&#8243;][et_pb_column type=&#8221;4_4&#8243; _builder_version=&#8221;4.9.9&#8243; custom_padding=&#8221;|||&#8221; custom_padding__hover=&#8221;|||&#8221;][et_pb_blurb title=&#8221;contact&#8221; content_max_width=&#8221;893px&#8221; content_tablet=&#8221; &nbsp; Get in Touch! Are you interested in an original work by Alexandre Segr\u00e9gio or in products derived from his art? Visit our online store to find out. For personalized service or additional information, click on the WhatsApp icon and [&hellip;]\" \/>\n<meta property=\"og:url\" content=\"https:\/\/alexandresegregio.art.br\/en\/contact\/\" \/>\n<meta property=\"og:site_name\" content=\"Alexandre Segr\u00e9gio\" \/>\n<meta property=\"article:modified_time\" content=\"2024-11-05T12:09:21+00:00\" \/>\n<meta property=\"og:image\" content=\"https:\/\/alexandresegregio.art.br\/wp-content\/uploads\/LOGO-crescente-art-MATRIZ-C-R-10cm-300x70.png\" \/>\n<meta name=\"twitter:card\" content=\"summary\" \/>\n<script type=\"application\/ld+json\" class=\"yoast-schema-graph\">{\"@context\":\"https:\/\/schema.org\",\"@graph\":[{\"@type\":\"WebSite\",\"@id\":\"https:\/\/alexandresegregio.art.br\/#website\",\"url\":\"https:\/\/alexandresegregio.art.br\/\",\"name\":\"Alexandre Segr\\u00e9gio\",\"description\":\"Artista Visual\",\"potentialAction\":[{\"@type\":\"SearchAction\",\"target\":\"https:\/\/alexandresegregio.art.br\/?s={search_term_string}\",\"query-input\":\"required name=search_term_string\"}],\"inLanguage\":\"en-US\"},{\"@type\":\"ImageObject\",\"@id\":\"https:\/\/alexandresegregio.art.br\/en\/contact\/#primaryimage\",\"inLanguage\":\"en-US\",\"url\":\"https:\/\/alexandresegregio.art.br\/wp-content\/uploads\/LOGO-crescente-art-MATRIZ-C-R-10cm.png\",\"width\":1181,\"height\":274},{\"@type\":\"WebPage\",\"@id\":\"https:\/\/alexandresegregio.art.br\/en\/contact\/#webpage\",\"url\":\"https:\/\/alexandresegregio.art.br\/en\/contact\/\",\"name\":\"contact - Alexandre Segr\\u00e9gio\",\"isPartOf\":{\"@id\":\"https:\/\/alexandresegregio.art.br\/#website\"},\"primaryImageOfPage\":{\"@id\":\"https:\/\/alexandresegregio.art.br\/en\/contact\/#primaryimage\"},\"datePublished\":\"2017-08-09T11:30:21+00:00\",\"dateModified\":\"2024-11-05T12:09:21+00:00\",\"inLanguage\":\"en-US\",\"potentialAction\":[{\"@type\":\"ReadAction\",\"target\":[\"https:\/\/alexandresegregio.art.br\/en\/contact\/\"]}]}]}<\/script>\n<!-- \/ Yoast SEO Premium plugin. -->","_links":{"self":[{"href":"https:\/\/alexandresegregio.art.br\/wp-json\/wp\/v2\/pages\/909","targetHints":{"allow":["GET"]}}],"collection":[{"href":"https:\/\/alexandresegregio.art.br\/wp-json\/wp\/v2\/pages"}],"about":[{"href":"https:\/\/alexandresegregio.art.br\/wp-json\/wp\/v2\/types\/page"}],"author":[{"embeddable":true,"href":"https:\/\/alexandresegregio.art.br\/wp-json\/wp\/v2\/users\/2"}],"replies":[{"embeddable":true,"href":"https:\/\/alexandresegregio.art.br\/wp-json\/wp\/v2\/comments?post=909"}],"version-history":[{"count":34,"href":"https:\/\/alexandresegregio.art.br\/wp-json\/wp\/v2\/pages\/909\/revisions"}],"predecessor-version":[{"id":20360,"href":"https:\/\/alexandresegregio.art.br\/wp-json\/wp\/v2\/pages\/909\/revisions\/20360"}],"wp:attachment":[{"href":"https:\/\/alexandresegregio.art.br\/wp-json\/wp\/v2\/media?parent=909"}],"curies":[{"name":"wp","href":"https:\/\/api.w.org\/{rel}","templated":true}]}}